{"id":687,"date":"2022-11-17T08:36:57","date_gmt":"2022-11-17T07:36:57","guid":{"rendered":"https:\/\/clinicadentalpifarre.com\/politica-de-privacidad\/"},"modified":"2022-11-17T09:12:46","modified_gmt":"2022-11-17T08:12:46","slug":"politica-de-privacidad","status":"publish","type":"page","link":"https:\/\/clinicadentalpifarre.com\/ca\/politica-de-privacidad\/","title":{"rendered":"Pol\u00edtica de Privacidad"},"content":{"rendered":"<p><b>\u00bfQui\u00e9n es el responsable del tratamiento de tus datos?\u00a0<\/b><\/p>\n<p>Identidad: CLINICA DENTAL PIFARRE SLP<\/p>\n<p>DNI\/CIF: B61887857<\/p>\n<p>Direcci\u00f3n postal: CALLE SANT JOAN, 26 &#8211; 08191 RUBI (Barcelona)<\/p>\n<p>Correo electr\u00f3nico: <a href=\"mailto:info@clinicapifarre.com\">info@clinicapifarre.com<\/a><\/p>\n<p>Tel\u00e9fono: 936 99 36 48<\/p>\n<p><b>\u00bfCon qu\u00e9 finalidad tratamos tus datos personales?\u00a0<\/b><\/p>\n<p>Para contestar a tus consultas.<\/p>\n<p>Para la prestaci\u00f3n del servicio sanitario que has requerido.<\/p>\n<p>Para ofrecerte descuentos en nuestros productos y servicios.<\/p>\n<p>Para comunicarte ofertas en productos, servicios, novedades y eventos organizados por la cl\u00ednica.<\/p>\n<p><b>\u00bfPor cu\u00e1nto tiempo conservaremos tus datos?\u00a0<\/b><\/p>\n<p>Los datos relativos a prestaciones sanitarias, durante un plazo m\u00ednimo de 5 a\u00f1os a contar desde la \u00faltima prestaci\u00f3n asistencial, en cumplimiento de la Ley 41\/2002.<\/p>\n<p>Las facturas, durante un plazo m\u00ednimo de 10 a\u00f1os, seg\u00fan C\u00f3digo Penal, Normativa contable tributaria, C\u00f3digo de Comercio, Normativa IVA, LIS, etc.<\/p>\n<p>Los datos utilizados para fines comerciales y publicitarios, mientras dure el tratamiento.<\/p>\n<p><b>\u00bfCu\u00e1l es la legitimaci\u00f3n para el tratamiento de tus datos?\u00a0<\/b><\/p>\n<p>La base legal para el tratamiento de los datos es la legitimaci\u00f3n por consentimiento del Usuario.<\/p>\n<p><b>\u00bfA qu\u00e9 destinatarios se comunicar\u00e1n tus datos?\u00a0<\/b><\/p>\n<p>Las facturas se mantendr\u00e1n a disposici\u00f3n de los \u00f3rganos de inspecci\u00f3n con competencia en la materia, como la administraci\u00f3n tributaria.<\/p>\n<p>Las solicitudes de pr\u00f3tesis y otro tipo de trabajos podr\u00e1n ser derivados a un laboratorio debidamente acreditado.<\/p>\n<p>Las alertas sobre casos que supongan un riesgo para la salud p\u00fablica deber\u00e1n ser comunicadas a los organismos sanitarios con competencia en la materia.<\/p>\n<p>Los datos no se ceder\u00e1n a terceros salvo en los casos en que exista una obligaci\u00f3n legal o se subcontrate parte del servicio.<\/p>\n<p><b>\u00bfCu\u00e1les son tus derechos cuando nos facilitas tus datos?\u00a0<\/b><\/p>\n<p>Derecho de acceso: tendr\u00e1s derecho a obtener confirmaci\u00f3n de si se est\u00e1n tratando o no datos personales que te conciernen.<\/p>\n<p>Derecho de rectificaci\u00f3n: tendr\u00e1s derecho a obtener la rectificaci\u00f3n de los datos personales inexactos que te conciernan o incompletos.<\/p>\n<p>Derecho de supresi\u00f3n: tendr\u00e1s derecho a obtener la supresi\u00f3n de los datos personales que te conciernan cuando los datos personales ya no sean necesarios en relaci\u00f3n con los fines para los que fueron recogidos o tratados de otro modo.<\/p>\n<p>Derecho de limitaci\u00f3n: podr\u00e1s solicitar la limitaci\u00f3n del tratamiento de tus datos personales, en cuyo caso \u00fanicamente los conservaremos para el ejercicio o la defensa de reclamaciones.<\/p>\n<p>Derecho de retirar el consentimiento: tendr\u00e1s derecho a retirar el consentimiento en cualquier momento, sin que ello afecte a la licitud del tratamiento basado en el consentimiento antes de su retirada.<\/p>\n<p>Derecho de oposici\u00f3n: tendr\u00e1 derecho a oponerte al tratamiento de tus datos. EL RESPONSABLE DEL TRATAMIENTO dejar\u00e1 de tratar los datos, salvo por motivos leg\u00edtimos imperiosos, o el ejercicio o la defensa de posibles reclamaciones.<\/p>\n<p>Derecho a la portabilidad de tus datos: puedes solicitarnos que tus datos personales automatizados sean cedidos o transferidos a cualquier otra empresa que nos indiques en un formato estructurado, inteligible y automatizado.<\/p>\n<p>Puedes ejercitar tus derechos de acceso, rectificaci\u00f3n, supresi\u00f3n, limitaci\u00f3n, oposici\u00f3n y portabilidad de los datos dirigi\u00e9ndote por escrito al RESPONSABLE DEL TRATAMIENTO indicando el derecho a ejercer y adjuntando copia de DNI a trav\u00e9s de la direcci\u00f3n postal previamente indicada, o a trav\u00e9s del correo electr\u00f3nico.<\/p>\n<p>Tienes derecho a reclamar ante la Autoridad de Control y solicitar la tutela de derechos que no hayan sido debidamente atendidos a la Agencia Espa\u00f1ola de Protecci\u00f3n de datos a trav\u00e9s de la sede electr\u00f3nica de su portal web (www.agpd.es), o bien mediante escrito dirigido a su direcci\u00f3n postal (C\/Jorge Juan, 6, 28001-Madrid)<\/p>\n","protected":false},"excerpt":{"rendered":"<p>\u00bfQui\u00e9n es el responsable del tratamiento de tus datos?\u00a0 Identidad: CLINICA DENTAL PIFARRE SLP DNI\/CIF: B61887857 Direcci\u00f3n postal: CALLE SANT JOAN, 26 &#8211; 08191 RUBI [&hellip;]<\/p>\n","protected":false},"author":1,"featured_media":0,"parent":0,"menu_order":0,"comment_status":"closed","ping_status":"closed","template":"","meta":{"footnotes":""},"class_list":["post-687","page","type-page","status-publish","hentry"],"yoast_head":"<!-- This site is optimized with the Yoast SEO plugin v19.10 - https:\/\/yoast.com\/wordpress\/plugins\/seo\/ -->\n<title>Pol\u00edtica de Privacidad - Cl\u00ednicas dentales Pifarr\u00e9<\/title>\n<meta name=\"robots\" content=\"noindex, follow\" \/>\n<meta property=\"og:locale\" content=\"ca_ES\" \/>\n<meta property=\"og:type\" content=\"article\" \/>\n<meta property=\"og:title\" content=\"Pol\u00edtica de Privacidad - Cl\u00ednicas dentales Pifarr\u00e9\" \/>\n<meta property=\"og:description\" content=\"\u00bfQui\u00e9n es el responsable del tratamiento de tus datos?\u00a0 Identidad: CLINICA DENTAL PIFARRE SLP DNI\/CIF: B61887857 Direcci\u00f3n postal: CALLE SANT JOAN, 26 &#8211; 08191 RUBI [&hellip;]\" \/>\n<meta property=\"og:url\" content=\"https:\/\/clinicadentalpifarre.com\/ca\/politica-de-privacidad\/\" \/>\n<meta property=\"og:site_name\" content=\"Cl\u00ednicas dentales Pifarr\u00e9\" \/>\n<meta property=\"article:publisher\" content=\"https:\/\/www.facebook.com\/clinicadentalpifarre\" \/>\n<meta property=\"article:modified_time\" content=\"2022-11-17T08:12:46+00:00\" \/>\n<meta name=\"twitter:card\" content=\"summary_large_image\" \/>\n<meta name=\"twitter:label1\" content=\"Temps estimat de lectura\" \/>\n\t<meta name=\"twitter:data1\" content=\"3 minuts\" \/>\n<script type=\"application\/ld+json\" class=\"yoast-schema-graph\">{\"@context\":\"https:\/\/schema.org\",\"@graph\":[{\"@type\":\"WebPage\",\"@id\":\"https:\/\/clinicadentalpifarre.com\/ca\/politica-de-privacidad\/\",\"url\":\"https:\/\/clinicadentalpifarre.com\/ca\/politica-de-privacidad\/\",\"name\":\"Pol\u00edtica de Privacidad - Cl\u00ednicas dentales Pifarr\u00e9\",\"isPartOf\":{\"@id\":\"https:\/\/clinicadentalpifarre.com\/#website\"},\"datePublished\":\"2022-11-17T07:36:57+00:00\",\"dateModified\":\"2022-11-17T08:12:46+00:00\",\"breadcrumb\":{\"@id\":\"https:\/\/clinicadentalpifarre.com\/ca\/politica-de-privacidad\/#breadcrumb\"},\"inLanguage\":\"ca\",\"potentialAction\":[{\"@type\":\"ReadAction\",\"target\":[\"https:\/\/clinicadentalpifarre.com\/ca\/politica-de-privacidad\/\"]}]},{\"@type\":\"BreadcrumbList\",\"@id\":\"https:\/\/clinicadentalpifarre.com\/ca\/politica-de-privacidad\/#breadcrumb\",\"itemListElement\":[{\"@type\":\"ListItem\",\"position\":1,\"name\":\"Portada\",\"item\":\"https:\/\/clinicadentalpifarre.com\/ca\/\"},{\"@type\":\"ListItem\",\"position\":2,\"name\":\"Pol\u00edtica de Privacidad\"}]},{\"@type\":\"WebSite\",\"@id\":\"https:\/\/clinicadentalpifarre.com\/#website\",\"url\":\"https:\/\/clinicadentalpifarre.com\/\",\"name\":\"Cl\u00ednicas dentales Pifarr\u00e9\",\"description\":\"Tus centros dentales de confianza en Barcelona y Girona\",\"publisher\":{\"@id\":\"https:\/\/clinicadentalpifarre.com\/#organization\"},\"potentialAction\":[{\"@type\":\"SearchAction\",\"target\":{\"@type\":\"EntryPoint\",\"urlTemplate\":\"https:\/\/clinicadentalpifarre.com\/?s={search_term_string}\"},\"query-input\":\"required name=search_term_string\"}],\"inLanguage\":\"ca\"},{\"@type\":\"Organization\",\"@id\":\"https:\/\/clinicadentalpifarre.com\/#organization\",\"name\":\"Cl\u00ednicas dentales Pifarr\u00e9\",\"url\":\"https:\/\/clinicadentalpifarre.com\/\",\"logo\":{\"@type\":\"ImageObject\",\"inLanguage\":\"ca\",\"@id\":\"https:\/\/clinicadentalpifarre.com\/#\/schema\/logo\/image\/\",\"url\":\"https:\/\/clinicadentalpifarre.com\/wp-content\/uploads\/2022\/03\/logopifarre.png\",\"contentUrl\":\"https:\/\/clinicadentalpifarre.com\/wp-content\/uploads\/2022\/03\/logopifarre.png\",\"width\":213,\"height\":57,\"caption\":\"Cl\u00ednicas dentales Pifarr\u00e9\"},\"image\":{\"@id\":\"https:\/\/clinicadentalpifarre.com\/#\/schema\/logo\/image\/\"},\"sameAs\":[\"https:\/\/www.facebook.com\/clinicadentalpifarre\"]}]}<\/script>\n<!-- \/ Yoast SEO plugin. -->","yoast_head_json":{"title":"Pol\u00edtica de Privacidad - Cl\u00ednicas dentales Pifarr\u00e9","robots":{"index":"noindex","follow":"follow"},"og_locale":"ca_ES","og_type":"article","og_title":"Pol\u00edtica de Privacidad - Cl\u00ednicas dentales Pifarr\u00e9","og_description":"\u00bfQui\u00e9n es el responsable del tratamiento de tus datos?\u00a0 Identidad: CLINICA DENTAL PIFARRE SLP DNI\/CIF: B61887857 Direcci\u00f3n postal: CALLE SANT JOAN, 26 &#8211; 08191 RUBI [&hellip;]","og_url":"https:\/\/clinicadentalpifarre.com\/ca\/politica-de-privacidad\/","og_site_name":"Cl\u00ednicas dentales Pifarr\u00e9","article_publisher":"https:\/\/www.facebook.com\/clinicadentalpifarre","article_modified_time":"2022-11-17T08:12:46+00:00","twitter_card":"summary_large_image","twitter_misc":{"Temps estimat de lectura":"3 minuts"},"schema":{"@context":"https:\/\/schema.org","@graph":[{"@type":"WebPage","@id":"https:\/\/clinicadentalpifarre.com\/ca\/politica-de-privacidad\/","url":"https:\/\/clinicadentalpifarre.com\/ca\/politica-de-privacidad\/","name":"Pol\u00edtica de Privacidad - Cl\u00ednicas dentales Pifarr\u00e9","isPartOf":{"@id":"https:\/\/clinicadentalpifarre.com\/#website"},"datePublished":"2022-11-17T07:36:57+00:00","dateModified":"2022-11-17T08:12:46+00:00","breadcrumb":{"@id":"https:\/\/clinicadentalpifarre.com\/ca\/politica-de-privacidad\/#breadcrumb"},"inLanguage":"ca","potentialAction":[{"@type":"ReadAction","target":["https:\/\/clinicadentalpifarre.com\/ca\/politica-de-privacidad\/"]}]},{"@type":"BreadcrumbList","@id":"https:\/\/clinicadentalpifarre.com\/ca\/politica-de-privacidad\/#breadcrumb","itemListElement":[{"@type":"ListItem","position":1,"name":"Portada","item":"https:\/\/clinicadentalpifarre.com\/ca\/"},{"@type":"ListItem","position":2,"name":"Pol\u00edtica de Privacidad"}]},{"@type":"WebSite","@id":"https:\/\/clinicadentalpifarre.com\/#website","url":"https:\/\/clinicadentalpifarre.com\/","name":"Cl\u00ednicas dentales Pifarr\u00e9","description":"Tus centros dentales de confianza en Barcelona y Girona","publisher":{"@id":"https:\/\/clinicadentalpifarre.com\/#organization"},"potentialAction":[{"@type":"SearchAction","target":{"@type":"EntryPoint","urlTemplate":"https:\/\/clinicadentalpifarre.com\/?s={search_term_string}"},"query-input":"required name=search_term_string"}],"inLanguage":"ca"},{"@type":"Organization","@id":"https:\/\/clinicadentalpifarre.com\/#organization","name":"Cl\u00ednicas dentales Pifarr\u00e9","url":"https:\/\/clinicadentalpifarre.com\/","logo":{"@type":"ImageObject","inLanguage":"ca","@id":"https:\/\/clinicadentalpifarre.com\/#\/schema\/logo\/image\/","url":"https:\/\/clinicadentalpifarre.com\/wp-content\/uploads\/2022\/03\/logopifarre.png","contentUrl":"https:\/\/clinicadentalpifarre.com\/wp-content\/uploads\/2022\/03\/logopifarre.png","width":213,"height":57,"caption":"Cl\u00ednicas dentales Pifarr\u00e9"},"image":{"@id":"https:\/\/clinicadentalpifarre.com\/#\/schema\/logo\/image\/"},"sameAs":["https:\/\/www.facebook.com\/clinicadentalpifarre"]}]}},"_links":{"self":[{"href":"https:\/\/clinicadentalpifarre.com\/ca\/wp-json\/wp\/v2\/pages\/687","targetHints":{"allow":["GET"]}}],"collection":[{"href":"https:\/\/clinicadentalpifarre.com\/ca\/wp-json\/wp\/v2\/pages"}],"about":[{"href":"https:\/\/clinicadentalpifarre.com\/ca\/wp-json\/wp\/v2\/types\/page"}],"author":[{"embeddable":true,"href":"https:\/\/clinicadentalpifarre.com\/ca\/wp-json\/wp\/v2\/users\/1"}],"replies":[{"embeddable":true,"href":"https:\/\/clinicadentalpifarre.com\/ca\/wp-json\/wp\/v2\/comments?post=687"}],"version-history":[{"count":1,"href":"https:\/\/clinicadentalpifarre.com\/ca\/wp-json\/wp\/v2\/pages\/687\/revisions"}],"predecessor-version":[{"id":688,"href":"https:\/\/clinicadentalpifarre.com\/ca\/wp-json\/wp\/v2\/pages\/687\/revisions\/688"}],"wp:attachment":[{"href":"https:\/\/clinicadentalpifarre.com\/ca\/wp-json\/wp\/v2\/media?parent=687"}],"curies":[{"name":"wp","href":"https:\/\/api.w.org\/{rel}","templated":true}]}}