{"id":685,"date":"2022-11-17T08:38:20","date_gmt":"2022-11-17T07:38:20","guid":{"rendered":"https:\/\/clinicadentalpifarre.com\/politica-de-cookies\/"},"modified":"2022-11-17T09:11:34","modified_gmt":"2022-11-17T08:11:34","slug":"politica-de-cookies","status":"publish","type":"page","link":"https:\/\/clinicadentalpifarre.com\/ca\/politica-de-cookies\/","title":{"rendered":"Pol\u00edtica de cookies"},"content":{"rendered":"<p>Una cookie es un fichero que se descarga en su ordenador al acceder a determinadas p\u00e1ginas web. Las cookies permiten a las p\u00e1ginas web, entre otras cosas, almacenar y recuperar informaci\u00f3n sobre los h\u00e1bitos de navegaci\u00f3n de un usuario o de su equipo y, dependiendo de la informaci\u00f3n que contengan y de la forma en que utilice su equipo, pueden utilizarse para reconocer al usuario.<\/p>\n<p><b>\u2013 Cookies t\u00e9cnicas:<\/b> Son aquellas que permiten al usuario la navegaci\u00f3n a trav\u00e9s de una p\u00e1gina web, plataforma o aplicaci\u00f3n y la utilizaci\u00f3n de las diferentes opciones o servicios que en ella existan como, por ejemplo, controlar el tr\u00e1fico y la comunicaci\u00f3n de datos, identificar la sesi\u00f3n, acceder a partes de acceso restringido, recordar los elementos que integran un pedido, realizar el proceso de compra de un pedido, realizar la solicitud de inscripci\u00f3n o participaci\u00f3n en un evento, utilizar elementos de seguridad durante la navegaci\u00f3n, almacenar contenidos para la difusi\u00f3n de videos o sonido o compartir contenidos a trav\u00e9s de redes sociales.<\/p>\n<p><b>\u2013 Cookies de personalizaci\u00f3n:<\/b> Son aquellas que permiten al usuario acceder al servicio con algunas caracter\u00edsticas de car\u00e1cter general predefinidas en funci\u00f3n de una serie de criterios en el terminal del usuario como por ejemplo serian el idioma, el tipo de navegador a trav\u00e9s del cual accede al servicio, la configuraci\u00f3n regional desde donde accede al servicio, etc.<\/p>\n<p><b>\u2013 Cookies de an\u00e1lisis:<\/b> Son aquellas que permiten al responsable de las mismas, el seguimiento y an\u00e1lisis del comportamiento de los usuarios de los sitios web a los que est\u00e1n vinculadas. La informaci\u00f3n recogida mediante este tipo de cookies se utiliza en la medici\u00f3n de la actividad de los sitios web, aplicaci\u00f3n o plataforma y para la elaboraci\u00f3n de perfiles de navegaci\u00f3n de los usuarios de dichos sitios, aplicaciones y plataformas, con el fin de introducir mejoras en funci\u00f3n del an\u00e1lisis de los datos de uso que hacen los usuarios del servicio.<\/p>\n<p><b>\u2013 Cookies publicitarias:<\/b> Son aquellas que permiten la gesti\u00f3n, de la forma m\u00e1s eficaz posible, de los espacios publicitarios que, en su caso, el editor haya incluido en una p\u00e1gina web, aplicaci\u00f3n o plataforma desde la que presta el servicio solicitado en base a criterios como el contenido editado o la frecuencia en la que se muestran los anuncios.<\/p>\n<p>&nbsp;<\/p>\n<p><b>\u2013 Cookies de publicidad comportamental:<\/b> Son aquellas que almacenan informaci\u00f3n del comportamiento de los usuarios obtenida a trav\u00e9s de la observaci\u00f3n continuada de sus h\u00e1bitos de navegaci\u00f3n, lo que permite desarrollar un perfil espec\u00edfico para mostrar publicidad en funci\u00f3n del mismo.<\/p>\n<p><b>C\u00f3mo bloquear o eliminar las cookies instaladas en su equipo:<\/b><\/p>\n<p>Si usted prefiere no habilitar las cookies, puede bloquearlas o eliminarlas en su navegador:<\/p>\n<ul>\n<li aria-level=\"1\">C\u00f3mo administrar cookies en Google Chrome<\/li>\n<li aria-level=\"1\">C\u00f3mo administrar cookies en Microsoft Internet Explorer<\/li>\n<li aria-level=\"1\">C\u00f3mo administrar cookies en Mozilla FireFox<\/li>\n<li aria-level=\"1\">C\u00f3mo administrar cookies en Apple Safari<\/li>\n<\/ul>\n<p>&nbsp;<\/p>\n<p><strong>Cookies usadas en este sitio web<\/strong><\/p>\n<table class=\"cookielawinfo-row-cat-table cookielawinfo-winter\"><thead><tr><th class=\"cookielawinfo-column-1\">Galeta<\/th><th class=\"cookielawinfo-column-3\">Durada<\/th><th class=\"cookielawinfo-column-4\">Descripci\u00f3<\/th><\/tr><\/thead><tbody><tr class=\"cookielawinfo-row\"><td class=\"cookielawinfo-column-1\">_ga<\/td><td class=\"cookielawinfo-column-3\">2 anys<\/td><td class=\"cookielawinfo-column-4\">La galeta _ga, instal\u00b7lada per Google Analytics, calcula les dades de visitants, sessions i campanyes i tamb\u00e9 fa un seguiment de l'\u00fas del lloc per a l'informe d'an\u00e0lisi del lloc. La galeta emmagatzema informaci\u00f3 de forma an\u00f2nima i assigna un n\u00famero generat aleat\u00f2riament per recon\u00e8ixer els visitants \u00fanics.<\/td><\/tr><tr class=\"cookielawinfo-row\"><td class=\"cookielawinfo-column-1\">_ga_5J9N5MQ3J5<\/td><td class=\"cookielawinfo-column-3\">2 anys<\/td><td class=\"cookielawinfo-column-4\">Aquesta cookie \u00e9s instal\u00b7lada per Google Analytics.<\/td><\/tr><tr class=\"cookielawinfo-row\"><td class=\"cookielawinfo-column-1\">_gat_gtag_UA_249888313_1<\/td><td class=\"cookielawinfo-column-3\">1 minut<\/td><td class=\"cookielawinfo-column-4\">Definit per Google per distingir els usuaris.<\/td><\/tr><tr class=\"cookielawinfo-row\"><td class=\"cookielawinfo-column-1\">_gid<\/td><td class=\"cookielawinfo-column-3\">1 dia<\/td><td class=\"cookielawinfo-column-4\">Instal\u00b7lada per Google Analytics, la galeta _gid emmagatzema informaci\u00f3 sobre com els visitants utilitzen un lloc web, alhora que crea un informe anal\u00edtic del rendiment del lloc web. Algunes de les dades que es recullen inclouen el nombre de visitants, la seva font i les p\u00e0gines que visiten de manera an\u00f2nima.<\/td><\/tr><tr class=\"cookielawinfo-row\"><td class=\"cookielawinfo-column-1\">cookielawinfo-checkbox-advertisement<\/td><td class=\"cookielawinfo-column-3\">1 any<\/td><td class=\"cookielawinfo-column-4\">Establida pel complement de consentiment de galetes GDPR, aquesta galeta s'utilitza per registrar el consentiment de l'usuari per a les galetes a la categoria \"Anunci\".<\/td><\/tr><tr class=\"cookielawinfo-row\"><td class=\"cookielawinfo-column-1\">cookielawinfo-checkbox-analytics<\/td><td class=\"cookielawinfo-column-3\">11 mesos<\/td><td class=\"cookielawinfo-column-4\">Aquesta galeta l'estableix el connector de consentiment de galetes de GDPR. La cookie s'utilitza per emmagatzemar el consentiment de l'usuari per a les cookies de la categoria \"Anal\u00edtica\".<\/td><\/tr><tr class=\"cookielawinfo-row\"><td class=\"cookielawinfo-column-1\">cookielawinfo-checkbox-functional<\/td><td class=\"cookielawinfo-column-3\">11 mesos<\/td><td class=\"cookielawinfo-column-4\">La cookie s'estableix pel consentiment de la cookie del GDPR per registrar el consentiment de l'usuari per a les cookies a la categoria \"Funcionals\".<\/td><\/tr><tr class=\"cookielawinfo-row\"><td class=\"cookielawinfo-column-1\">cookielawinfo-checkbox-necessary<\/td><td class=\"cookielawinfo-column-3\">11 mesos<\/td><td class=\"cookielawinfo-column-4\">Aquesta galeta l'estableix el connector de consentiment de galetes de GDPR. Les cookies s'utilitzen per emmagatzemar el consentiment de l'usuari per a les cookies de la categoria \"Necess\u00e0ries\".<\/td><\/tr><tr class=\"cookielawinfo-row\"><td class=\"cookielawinfo-column-1\">cookielawinfo-checkbox-others<\/td><td class=\"cookielawinfo-column-3\">11 mesos<\/td><td class=\"cookielawinfo-column-4\">Aquesta galeta l'estableix el connector de consentiment de galetes de GDPR. La cookie s'utilitza per emmagatzemar el consentiment de l'usuari per a les cookies de la categoria \"Altres.<\/td><\/tr><tr class=\"cookielawinfo-row\"><td class=\"cookielawinfo-column-1\">cookielawinfo-checkbox-performance<\/td><td class=\"cookielawinfo-column-3\">11 mesos<\/td><td class=\"cookielawinfo-column-4\">Aquesta galeta l'estableix el connector de consentiment de galetes de GDPR. La cookie s'utilitza per emmagatzemar el consentiment de l'usuari per a les cookies de la categoria \"Rendiment\".<\/td><\/tr><tr class=\"cookielawinfo-row\"><td class=\"cookielawinfo-column-1\">CookieLawInfoConsent<\/td><td class=\"cookielawinfo-column-3\">1 any<\/td><td class=\"cookielawinfo-column-4\">Enregistra l'estat del bot\u00f3 per defecte de la categoria corresponent &amp; l'estat de la CCPA. Nom\u00e9s funciona en coordinaci\u00f3 amb la galeta principal.<\/td><\/tr><tr class=\"cookielawinfo-row\"><td class=\"cookielawinfo-column-1\">viewed_cookie_policy<\/td><td class=\"cookielawinfo-column-3\">11 mesos<\/td><td class=\"cookielawinfo-column-4\">La galeta la configura el connector de consentiment de galetes GDPR i s'utilitza per emmagatzemar si l'usuari ha consentit o no l'\u00fas de galetes. No emmagatzema cap dada personal.<\/td><\/tr><tr class=\"cookielawinfo-row\"><td class=\"cookielawinfo-column-1\">wp-wpml_current_language<\/td><td class=\"cookielawinfo-column-3\">sessi\u00f3<\/td><td class=\"cookielawinfo-column-4\">Cookie del Plugin WPML per emmagatzemar la configuraci\u00f3 de llenguatges.<\/td><\/tr><\/tbody><\/table>\n<p>&nbsp;<\/p>\n<p>\u00bfC\u00f3mo cambiar su configuraci\u00f3n de cookies?<\/p>\n<p>Puede cambiar o retirar su consentimiento aqu\u00ed.<\/p>\n<p>Tu estado actual:Consent Accepted. Allow all cookies (Necesarias, Funcionales, Anal\u00edticas, De rendimiento, Publicitarias). Gestiona tu consentimiento.<\/p>\n","protected":false},"excerpt":{"rendered":"<p>Una cookie es un fichero que se descarga en su ordenador al acceder a determinadas p\u00e1ginas web. Las cookies permiten a las p\u00e1ginas web, entre [&hellip;]<\/p>\n","protected":false},"author":1,"featured_media":0,"parent":0,"menu_order":0,"comment_status":"closed","ping_status":"closed","template":"","meta":{"footnotes":""},"class_list":["post-685","page","type-page","status-publish","hentry"],"yoast_head":"<!-- This site is optimized with the Yoast SEO plugin v19.10 - https:\/\/yoast.com\/wordpress\/plugins\/seo\/ -->\n<title>Pol\u00edtica de cookies - Cl\u00ednicas dentales Pifarr\u00e9<\/title>\n<meta name=\"robots\" content=\"noindex, follow\" \/>\n<meta property=\"og:locale\" content=\"ca_ES\" \/>\n<meta property=\"og:type\" content=\"article\" \/>\n<meta property=\"og:title\" content=\"Pol\u00edtica de cookies - Cl\u00ednicas dentales Pifarr\u00e9\" \/>\n<meta property=\"og:description\" content=\"Una cookie es un fichero que se descarga en su ordenador al acceder a determinadas p\u00e1ginas web. Las cookies permiten a las p\u00e1ginas web, entre [&hellip;]\" \/>\n<meta property=\"og:url\" content=\"https:\/\/clinicadentalpifarre.com\/ca\/politica-de-cookies\/\" \/>\n<meta property=\"og:site_name\" content=\"Cl\u00ednicas dentales Pifarr\u00e9\" \/>\n<meta property=\"article:publisher\" content=\"https:\/\/www.facebook.com\/clinicadentalpifarre\" \/>\n<meta property=\"article:modified_time\" content=\"2022-11-17T08:11:34+00:00\" \/>\n<meta name=\"twitter:card\" content=\"summary_large_image\" \/>\n<meta name=\"twitter:label1\" content=\"Temps estimat de lectura\" \/>\n\t<meta name=\"twitter:data1\" content=\"3 minuts\" \/>\n<script type=\"application\/ld+json\" class=\"yoast-schema-graph\">{\"@context\":\"https:\/\/schema.org\",\"@graph\":[{\"@type\":\"WebPage\",\"@id\":\"https:\/\/clinicadentalpifarre.com\/ca\/politica-de-cookies\/\",\"url\":\"https:\/\/clinicadentalpifarre.com\/ca\/politica-de-cookies\/\",\"name\":\"Pol\u00edtica de cookies - Cl\u00ednicas dentales Pifarr\u00e9\",\"isPartOf\":{\"@id\":\"https:\/\/clinicadentalpifarre.com\/#website\"},\"datePublished\":\"2022-11-17T07:38:20+00:00\",\"dateModified\":\"2022-11-17T08:11:34+00:00\",\"breadcrumb\":{\"@id\":\"https:\/\/clinicadentalpifarre.com\/ca\/politica-de-cookies\/#breadcrumb\"},\"inLanguage\":\"ca\",\"potentialAction\":[{\"@type\":\"ReadAction\",\"target\":[\"https:\/\/clinicadentalpifarre.com\/ca\/politica-de-cookies\/\"]}]},{\"@type\":\"BreadcrumbList\",\"@id\":\"https:\/\/clinicadentalpifarre.com\/ca\/politica-de-cookies\/#breadcrumb\",\"itemListElement\":[{\"@type\":\"ListItem\",\"position\":1,\"name\":\"Portada\",\"item\":\"https:\/\/clinicadentalpifarre.com\/ca\/\"},{\"@type\":\"ListItem\",\"position\":2,\"name\":\"Pol\u00edtica de cookies\"}]},{\"@type\":\"WebSite\",\"@id\":\"https:\/\/clinicadentalpifarre.com\/#website\",\"url\":\"https:\/\/clinicadentalpifarre.com\/\",\"name\":\"Cl\u00ednicas dentales Pifarr\u00e9\",\"description\":\"Tus centros dentales de confianza en Barcelona y Girona\",\"publisher\":{\"@id\":\"https:\/\/clinicadentalpifarre.com\/#organization\"},\"potentialAction\":[{\"@type\":\"SearchAction\",\"target\":{\"@type\":\"EntryPoint\",\"urlTemplate\":\"https:\/\/clinicadentalpifarre.com\/?s={search_term_string}\"},\"query-input\":\"required name=search_term_string\"}],\"inLanguage\":\"ca\"},{\"@type\":\"Organization\",\"@id\":\"https:\/\/clinicadentalpifarre.com\/#organization\",\"name\":\"Cl\u00ednicas dentales Pifarr\u00e9\",\"url\":\"https:\/\/clinicadentalpifarre.com\/\",\"logo\":{\"@type\":\"ImageObject\",\"inLanguage\":\"ca\",\"@id\":\"https:\/\/clinicadentalpifarre.com\/#\/schema\/logo\/image\/\",\"url\":\"https:\/\/clinicadentalpifarre.com\/wp-content\/uploads\/2022\/03\/logopifarre.png\",\"contentUrl\":\"https:\/\/clinicadentalpifarre.com\/wp-content\/uploads\/2022\/03\/logopifarre.png\",\"width\":213,\"height\":57,\"caption\":\"Cl\u00ednicas dentales Pifarr\u00e9\"},\"image\":{\"@id\":\"https:\/\/clinicadentalpifarre.com\/#\/schema\/logo\/image\/\"},\"sameAs\":[\"https:\/\/www.facebook.com\/clinicadentalpifarre\"]}]}<\/script>\n<!-- \/ Yoast SEO plugin. -->","yoast_head_json":{"title":"Pol\u00edtica de cookies - Cl\u00ednicas dentales Pifarr\u00e9","robots":{"index":"noindex","follow":"follow"},"og_locale":"ca_ES","og_type":"article","og_title":"Pol\u00edtica de cookies - Cl\u00ednicas dentales Pifarr\u00e9","og_description":"Una cookie es un fichero que se descarga en su ordenador al acceder a determinadas p\u00e1ginas web. Las cookies permiten a las p\u00e1ginas web, entre [&hellip;]","og_url":"https:\/\/clinicadentalpifarre.com\/ca\/politica-de-cookies\/","og_site_name":"Cl\u00ednicas dentales Pifarr\u00e9","article_publisher":"https:\/\/www.facebook.com\/clinicadentalpifarre","article_modified_time":"2022-11-17T08:11:34+00:00","twitter_card":"summary_large_image","twitter_misc":{"Temps estimat de lectura":"3 minuts"},"schema":{"@context":"https:\/\/schema.org","@graph":[{"@type":"WebPage","@id":"https:\/\/clinicadentalpifarre.com\/ca\/politica-de-cookies\/","url":"https:\/\/clinicadentalpifarre.com\/ca\/politica-de-cookies\/","name":"Pol\u00edtica de cookies - Cl\u00ednicas dentales Pifarr\u00e9","isPartOf":{"@id":"https:\/\/clinicadentalpifarre.com\/#website"},"datePublished":"2022-11-17T07:38:20+00:00","dateModified":"2022-11-17T08:11:34+00:00","breadcrumb":{"@id":"https:\/\/clinicadentalpifarre.com\/ca\/politica-de-cookies\/#breadcrumb"},"inLanguage":"ca","potentialAction":[{"@type":"ReadAction","target":["https:\/\/clinicadentalpifarre.com\/ca\/politica-de-cookies\/"]}]},{"@type":"BreadcrumbList","@id":"https:\/\/clinicadentalpifarre.com\/ca\/politica-de-cookies\/#breadcrumb","itemListElement":[{"@type":"ListItem","position":1,"name":"Portada","item":"https:\/\/clinicadentalpifarre.com\/ca\/"},{"@type":"ListItem","position":2,"name":"Pol\u00edtica de cookies"}]},{"@type":"WebSite","@id":"https:\/\/clinicadentalpifarre.com\/#website","url":"https:\/\/clinicadentalpifarre.com\/","name":"Cl\u00ednicas dentales Pifarr\u00e9","description":"Tus centros dentales de confianza en Barcelona y Girona","publisher":{"@id":"https:\/\/clinicadentalpifarre.com\/#organization"},"potentialAction":[{"@type":"SearchAction","target":{"@type":"EntryPoint","urlTemplate":"https:\/\/clinicadentalpifarre.com\/?s={search_term_string}"},"query-input":"required name=search_term_string"}],"inLanguage":"ca"},{"@type":"Organization","@id":"https:\/\/clinicadentalpifarre.com\/#organization","name":"Cl\u00ednicas dentales Pifarr\u00e9","url":"https:\/\/clinicadentalpifarre.com\/","logo":{"@type":"ImageObject","inLanguage":"ca","@id":"https:\/\/clinicadentalpifarre.com\/#\/schema\/logo\/image\/","url":"https:\/\/clinicadentalpifarre.com\/wp-content\/uploads\/2022\/03\/logopifarre.png","contentUrl":"https:\/\/clinicadentalpifarre.com\/wp-content\/uploads\/2022\/03\/logopifarre.png","width":213,"height":57,"caption":"Cl\u00ednicas dentales Pifarr\u00e9"},"image":{"@id":"https:\/\/clinicadentalpifarre.com\/#\/schema\/logo\/image\/"},"sameAs":["https:\/\/www.facebook.com\/clinicadentalpifarre"]}]}},"_links":{"self":[{"href":"https:\/\/clinicadentalpifarre.com\/ca\/wp-json\/wp\/v2\/pages\/685","targetHints":{"allow":["GET"]}}],"collection":[{"href":"https:\/\/clinicadentalpifarre.com\/ca\/wp-json\/wp\/v2\/pages"}],"about":[{"href":"https:\/\/clinicadentalpifarre.com\/ca\/wp-json\/wp\/v2\/types\/page"}],"author":[{"embeddable":true,"href":"https:\/\/clinicadentalpifarre.com\/ca\/wp-json\/wp\/v2\/users\/1"}],"replies":[{"embeddable":true,"href":"https:\/\/clinicadentalpifarre.com\/ca\/wp-json\/wp\/v2\/comments?post=685"}],"version-history":[{"count":1,"href":"https:\/\/clinicadentalpifarre.com\/ca\/wp-json\/wp\/v2\/pages\/685\/revisions"}],"predecessor-version":[{"id":686,"href":"https:\/\/clinicadentalpifarre.com\/ca\/wp-json\/wp\/v2\/pages\/685\/revisions\/686"}],"wp:attachment":[{"href":"https:\/\/clinicadentalpifarre.com\/ca\/wp-json\/wp\/v2\/media?parent=685"}],"curies":[{"name":"wp","href":"https:\/\/api.w.org\/{rel}","templated":true}]}}